{"id":19554,"date":"2025-04-07T12:40:28","date_gmt":"2025-04-07T12:40:28","guid":{"rendered":"https:\/\/carrosscenter.com\/?page_id=19554"},"modified":"2026-04-13T19:42:00","modified_gmt":"2026-04-13T19:42:00","slug":"politique-de-confidentialite","status":"publish","type":"page","link":"https:\/\/carrosscenter.com\/en\/politique-de-confidentialite\/","title":{"rendered":"Privacy policy"},"content":{"rendered":"<div data-elementor-type=\"wp-page\" data-elementor-id=\"19554\" class=\"elementor elementor-19554\">\n\t\t\t\t        <section class=\"elementor-section elementor-top-section elementor-element elementor-element-4c78907 elementor-section-content-middle elementor-section-boxed elementor-section-height-default elementor-section-height-default ct-header-fixed-none ct-column-none ct-row-scroll-none ct-section-smoke-none ct-section-particle-none\" data-id=\"4c78907\" data-element_type=\"section\" data-e-type=\"section\">\n            \n                        <div class=\"elementor-container elementor-column-gap-default\">\n                    <div class=\"elementor-column elementor-col-100 elementor-top-column elementor-element elementor-element-a8ad079 animated-slow ct-column-none elementor-invisible\" data-id=\"a8ad079\" data-element_type=\"column\" data-e-type=\"column\" data-settings=\"{&quot;animation&quot;:&quot;fadeInLeft&quot;}\">\n        <div class=\"elementor-widget-wrap elementor-element-populated\">\n                    \n        \t\t<div class=\"elementor-element elementor-element-7d01405 elementor-invisible elementor-widget elementor-widget-ct_heading\" data-id=\"7d01405\" data-element_type=\"widget\" data-e-type=\"widget\" data-settings=\"{&quot;_animation&quot;:&quot;fadeInLeft&quot;}\" data-widget_type=\"ct_heading.default\">\n\t\t\t\t<div class=\"elementor-widget-container\">\n\t\t\t\t\t<div class=\"ct-heading h-align-\">\r\n    \t    <h2 class=\"item--title case-animate-time st-default\" data-wow-delay=\"ms\">\r\n        <span>Cookie management<\/span>    <\/h2>\r\n<\/div>\t\t\t\t<\/div>\n\t\t\t\t<\/div>\n\t\t\t\t<div class=\"elementor-element elementor-element-3e2f53f elementor-invisible elementor-widget elementor-widget-ct_text_editor\" data-id=\"3e2f53f\" data-element_type=\"widget\" data-e-type=\"widget\" data-settings=\"{&quot;_animation&quot;:&quot;fadeInLeft&quot;,&quot;_animation_delay&quot;:100}\" data-widget_type=\"ct_text_editor.default\">\n\t\t\t\t<div class=\"elementor-widget-container\">\n\t\t\t\t\t<div id=\"ct_text_editor-3e2f53f\" class=\"ct-text-editor\" data-wow-delay=\"ms\">\n\t<div class=\"ct-inline-css\"  data-css=\"        \t\t\">\n\n    <\/div>\n\t<div class=\"ct-text-inner elementor-clearfix\">\n\t\t<p>By using our site, you explicitly declare that you have read the Carross' Center privacy policy, thus informing you of the processing of your personal data according to the terms and principles described here.<\/p><p>Our site uses cookies to improve its functionality. Cookies are data that are saved on your device and enable the site to retain certain information about you for better navigation.<\/p><p>We use various cookies for specific purposes:<\/p><p>\u25d9 Necessary cookies: these are used to enable various functionalities to be correctly used on the site. These cookies do not collect any personal data;<\/p><p>\u25d9 Functional cookies: these are those that enable greater comfort when using certain site functions. For example, they can record the user's address to automatically fill in the \"address\" field of a form and save the user having to fill it in himself.<\/p><p>By clicking on the \"I accept\" button, you agree to the use of cookies (Article 6, 1, a of the RGPD). You can cancel this approval at any time by clicking on the \"Privacy Policy\" button at the bottom of the site. In the event that you do not wish to authorize cookies, the use of certain functionalities may be altered.<\/p>\t<\/div>\n<\/div>\t\t\t\t<\/div>\n\t\t\t\t<\/div>\n\t\t\t\t<div class=\"elementor-element elementor-element-cfc15e3 elementor-invisible elementor-widget elementor-widget-ct_heading\" data-id=\"cfc15e3\" data-element_type=\"widget\" data-e-type=\"widget\" data-settings=\"{&quot;_animation&quot;:&quot;fadeInLeft&quot;}\" data-widget_type=\"ct_heading.default\">\n\t\t\t\t<div class=\"elementor-widget-container\">\n\t\t\t\t\t<div class=\"ct-heading h-align-\">\r\n    \t    <h2 class=\"item--title case-animate-time st-default\" data-wow-delay=\"ms\">\r\n        <span>Personal data processing<\/span>    <\/h2>\r\n<\/div>\t\t\t\t<\/div>\n\t\t\t\t<\/div>\n\t\t\t\t<div class=\"elementor-element elementor-element-5733fba elementor-invisible elementor-widget elementor-widget-ct_text_editor\" data-id=\"5733fba\" data-element_type=\"widget\" data-e-type=\"widget\" data-settings=\"{&quot;_animation&quot;:&quot;fadeInLeft&quot;,&quot;_animation_delay&quot;:100}\" data-widget_type=\"ct_text_editor.default\">\n\t\t\t\t<div class=\"elementor-widget-container\">\n\t\t\t\t\t<div id=\"ct_text_editor-5733fba\" class=\"ct-text-editor\" data-wow-delay=\"ms\">\n\t<div class=\"ct-inline-css\"  data-css=\"        \t\t\">\n\n    <\/div>\n\t<div class=\"ct-text-inner elementor-clearfix\">\n\t\t<p>Carross' Center acts as data controller for personal data collected and processed in connection with your use of the website.<\/p><p>All user data collected through cookies or site forms is stored in our database only if the user has given his\/her prior consent. This information will not be used for any purposes other than those to which the user has consented. The user has the right to access, modify or delete any information concerning him or her at any time and without giving any reason to Carross' Center . To do so, the user may contact the data controller by e-mail at info@carrosscenter.com.<\/p><p>Once the request has been entered, Carross' Center will contact the user as soon as possible to follow up on the request.<\/p><p>Your data may be used for :<\/p><p>\u25d9 Allow Carross' Center to respond to your requests;<\/p><p>\u25d9 Providing our services to the user;<\/p><p>\u25d9 Improving the user experience ;<\/p><p>\u25d9 Analyze this data to improve the operation of the site ;<\/p><p>Your data will not be passed on to third parties without your consent. Carross' Center will not disclose your personal data to third parties for direct marketing purposes, nor process your personal data for prospecting purposes, including profiling.<\/p>\t<\/div>\n<\/div>\t\t\t\t<\/div>\n\t\t\t\t<\/div>\n\t\t\t\t<div class=\"elementor-element elementor-element-2d49d83 elementor-invisible elementor-widget elementor-widget-ct_heading\" data-id=\"2d49d83\" data-element_type=\"widget\" data-e-type=\"widget\" data-settings=\"{&quot;_animation&quot;:&quot;fadeInLeft&quot;}\" data-widget_type=\"ct_heading.default\">\n\t\t\t\t<div class=\"elementor-widget-container\">\n\t\t\t\t\t<div class=\"ct-heading h-align-\">\r\n    \t    <h2 class=\"item--title case-animate-time st-default\" data-wow-delay=\"ms\">\r\n        <span>Security<\/span>    <\/h2>\r\n<\/div>\t\t\t\t<\/div>\n\t\t\t\t<\/div>\n\t\t\t\t<div class=\"elementor-element elementor-element-4ff1e7d elementor-invisible elementor-widget elementor-widget-ct_text_editor\" data-id=\"4ff1e7d\" data-element_type=\"widget\" data-e-type=\"widget\" data-settings=\"{&quot;_animation&quot;:&quot;fadeInLeft&quot;,&quot;_animation_delay&quot;:100}\" data-widget_type=\"ct_text_editor.default\">\n\t\t\t\t<div class=\"elementor-widget-container\">\n\t\t\t\t\t<div id=\"ct_text_editor-4ff1e7d\" class=\"ct-text-editor\" data-wow-delay=\"ms\">\n\t<div class=\"ct-inline-css\"  data-css=\"        \t\t\">\n\n    <\/div>\n\t<div class=\"ct-text-inner elementor-clearfix\">\n\t\t<p>We make reasonable efforts to protect Users' personal information, but no company, including our COMPANY, can completely eliminate the security risks associated with processing information on the Internet. For example, our Users' personal information may be affected by acts beyond our control, such as \"hacking\" and physical theft. The User acknowledges that he\/she provides his\/her personal information at his\/her own risk.<\/p>\t<\/div>\n<\/div>\t\t\t\t<\/div>\n\t\t\t\t<\/div>\n\t\t            <\/div>\n        <\/div>\n                    <\/div>\n        <\/section>\n        \t\t<\/div>","protected":false},"excerpt":{"rendered":"<p>Cookie management By using our site, you explicitly declare that you have read the Carross' Center privacy policy, thus informing you of the processing of your personal data according to the terms and principles described here. Our website uses cookies in order to improve its functionality. Cookies are data stored on your computer's hard drive.<\/p>","protected":false},"author":2,"featured_media":0,"parent":0,"menu_order":0,"comment_status":"closed","ping_status":"closed","template":"","meta":{"footnotes":""},"class_list":["post-19554","page","type-page","status-publish","hentry"],"yoast_head":"<!-- This site is optimized with the Yoast SEO plugin v27.4 - https:\/\/yoast.com\/product\/yoast-seo-wordpress\/ -->\n<title>Politique de confidentialit\u00e9 | Carross&#039; Center 100% Bus &amp; Coach Saint-Ghislain<\/title>\n<meta name=\"robots\" content=\"index, follow, max-snippet:-1, max-image-preview:large, max-video-preview:-1\" \/>\n<link rel=\"canonical\" href=\"http:\/\/carrosscenter.com\/en\/politique-de-confidentialite\/\" \/>\n<meta property=\"og:locale\" content=\"en_US\" \/>\n<meta property=\"og:type\" content=\"article\" \/>\n<meta property=\"og:title\" content=\"Politique de confidentialit\u00e9 | Carross&#039; Center 100% Bus &amp; Coach Saint-Ghislain\" \/>\n<meta property=\"og:description\" content=\"Gestion des cookies En utilisant notre site, vous d\u00e9clarez explicitement avoir lu la politique de confidentialit\u00e9 de Carross\u2019\u00a0 Center, vous informant ainsi du traitement de vos donn\u00e9es personnelles selon les modalit\u00e9s et principes d\u00e9crits ici. Notre site utilise des cookies afin d\u2019am\u00e9liorer les fonctionnalit\u00e9s qu\u2019il propose. Les cookies sont des donn\u00e9es qui sont sauvegard\u00e9es sur [&hellip;]\" \/>\n<meta property=\"og:url\" content=\"http:\/\/carrosscenter.com\/en\/politique-de-confidentialite\/\" \/>\n<meta property=\"og:site_name\" content=\"Carross&#039;Center\" \/>\n<meta property=\"article:modified_time\" content=\"2026-04-13T19:42:00+00:00\" \/>\n<meta name=\"twitter:card\" content=\"summary_large_image\" \/>\n<meta name=\"twitter:label1\" content=\"Est. reading time\" \/>\n\t<meta name=\"twitter:data1\" content=\"3 minutes\" \/>\n<script type=\"application\/ld+json\" class=\"yoast-schema-graph\">{\"@context\":\"https:\\\/\\\/schema.org\",\"@graph\":[{\"@type\":\"WebPage\",\"@id\":\"http:\\\/\\\/carrosscenter.com\\\/politique-de-confidentialite\\\/\",\"url\":\"http:\\\/\\\/carrosscenter.com\\\/politique-de-confidentialite\\\/\",\"name\":\"Politique de confidentialit\u00e9 | Carross' Center 100% Bus & Coach Saint-Ghislain\",\"isPartOf\":{\"@id\":\"https:\\\/\\\/www.carrosscenter.com\\\/nl\\\/#website\"},\"datePublished\":\"2025-04-07T12:40:28+00:00\",\"dateModified\":\"2026-04-13T19:42:00+00:00\",\"breadcrumb\":{\"@id\":\"http:\\\/\\\/carrosscenter.com\\\/politique-de-confidentialite\\\/#breadcrumb\"},\"inLanguage\":\"en-US\",\"potentialAction\":[{\"@type\":\"ReadAction\",\"target\":[\"http:\\\/\\\/carrosscenter.com\\\/politique-de-confidentialite\\\/\"]}]},{\"@type\":\"BreadcrumbList\",\"@id\":\"http:\\\/\\\/carrosscenter.com\\\/politique-de-confidentialite\\\/#breadcrumb\",\"itemListElement\":[{\"@type\":\"ListItem\",\"position\":1,\"name\":\"Home\",\"item\":\"http:\\\/\\\/carrosscenter.com\\\/\"},{\"@type\":\"ListItem\",\"position\":2,\"name\":\"Politique de confidentialit\u00e9\"}]},{\"@type\":\"WebSite\",\"@id\":\"https:\\\/\\\/www.carrosscenter.com\\\/nl\\\/#website\",\"url\":\"https:\\\/\\\/www.carrosscenter.com\\\/nl\\\/\",\"name\":\"Carross'Center\",\"description\":\"Tous les services sous un m\u00eame toit\",\"publisher\":{\"@id\":\"https:\\\/\\\/www.carrosscenter.com\\\/nl\\\/#organization\"},\"potentialAction\":[{\"@type\":\"SearchAction\",\"target\":{\"@type\":\"EntryPoint\",\"urlTemplate\":\"https:\\\/\\\/www.carrosscenter.com\\\/nl\\\/?s={search_term_string}\"},\"query-input\":{\"@type\":\"PropertyValueSpecification\",\"valueRequired\":true,\"valueName\":\"search_term_string\"}}],\"inLanguage\":\"en-US\"},{\"@type\":\"Organization\",\"@id\":\"https:\\\/\\\/www.carrosscenter.com\\\/nl\\\/#organization\",\"name\":\"Carross'Center\",\"url\":\"https:\\\/\\\/www.carrosscenter.com\\\/nl\\\/\",\"logo\":{\"@type\":\"ImageObject\",\"inLanguage\":\"en-US\",\"@id\":\"https:\\\/\\\/www.carrosscenter.com\\\/nl\\\/#\\\/schema\\\/logo\\\/image\\\/\",\"url\":\"http:\\\/\\\/carrosscenter.com\\\/wp-content\\\/uploads\\\/2022\\\/10\\\/LOGO-CC-WEB.png\",\"contentUrl\":\"http:\\\/\\\/carrosscenter.com\\\/wp-content\\\/uploads\\\/2022\\\/10\\\/LOGO-CC-WEB.png\",\"width\":1867,\"height\":1167,\"caption\":\"Carross'Center\"},\"image\":{\"@id\":\"https:\\\/\\\/www.carrosscenter.com\\\/nl\\\/#\\\/schema\\\/logo\\\/image\\\/\"}}]}<\/script>\n<!-- \/ Yoast SEO plugin. -->","yoast_head_json":{"title":"Privacy Policy | Carross' Center 100% Bus &amp; Coach Saint-Ghislain","robots":{"index":"index","follow":"follow","max-snippet":"max-snippet:-1","max-image-preview":"max-image-preview:large","max-video-preview":"max-video-preview:-1"},"canonical":"http:\/\/carrosscenter.com\/en\/politique-de-confidentialite\/","og_locale":"en_US","og_type":"article","og_title":"Politique de confidentialit\u00e9 | Carross' Center 100% Bus & Coach Saint-Ghislain","og_description":"Gestion des cookies En utilisant notre site, vous d\u00e9clarez explicitement avoir lu la politique de confidentialit\u00e9 de Carross\u2019\u00a0 Center, vous informant ainsi du traitement de vos donn\u00e9es personnelles selon les modalit\u00e9s et principes d\u00e9crits ici. Notre site utilise des cookies afin d\u2019am\u00e9liorer les fonctionnalit\u00e9s qu\u2019il propose. Les cookies sont des donn\u00e9es qui sont sauvegard\u00e9es sur [&hellip;]","og_url":"http:\/\/carrosscenter.com\/en\/politique-de-confidentialite\/","og_site_name":"Carross&#039;Center","article_modified_time":"2026-04-13T19:42:00+00:00","twitter_card":"summary_large_image","twitter_misc":{"Est. reading time":"3 minutes"},"schema":{"@context":"https:\/\/schema.org","@graph":[{"@type":"WebPage","@id":"http:\/\/carrosscenter.com\/politique-de-confidentialite\/","url":"http:\/\/carrosscenter.com\/politique-de-confidentialite\/","name":"Privacy Policy | Carross' Center 100% Bus &amp; Coach Saint-Ghislain","isPartOf":{"@id":"https:\/\/www.carrosscenter.com\/nl\/#website"},"datePublished":"2025-04-07T12:40:28+00:00","dateModified":"2026-04-13T19:42:00+00:00","breadcrumb":{"@id":"http:\/\/carrosscenter.com\/politique-de-confidentialite\/#breadcrumb"},"inLanguage":"en-US","potentialAction":[{"@type":"ReadAction","target":["http:\/\/carrosscenter.com\/politique-de-confidentialite\/"]}]},{"@type":"BreadcrumbList","@id":"http:\/\/carrosscenter.com\/politique-de-confidentialite\/#breadcrumb","itemListElement":[{"@type":"ListItem","position":1,"name":"Home","item":"http:\/\/carrosscenter.com\/"},{"@type":"ListItem","position":2,"name":"Politique de confidentialit\u00e9"}]},{"@type":"WebSite","@id":"https:\/\/www.carrosscenter.com\/nl\/#website","url":"https:\/\/www.carrosscenter.com\/nl\/","name":"Carross'Center","description":"All services under one roof","publisher":{"@id":"https:\/\/www.carrosscenter.com\/nl\/#organization"},"potentialAction":[{"@type":"SearchAction","target":{"@type":"EntryPoint","urlTemplate":"https:\/\/www.carrosscenter.com\/nl\/?s={search_term_string}"},"query-input":{"@type":"PropertyValueSpecification","valueRequired":true,"valueName":"search_term_string"}}],"inLanguage":"en-US"},{"@type":"Organization","@id":"https:\/\/www.carrosscenter.com\/nl\/#organization","name":"Carross'Center","url":"https:\/\/www.carrosscenter.com\/nl\/","logo":{"@type":"ImageObject","inLanguage":"en-US","@id":"https:\/\/www.carrosscenter.com\/nl\/#\/schema\/logo\/image\/","url":"http:\/\/carrosscenter.com\/wp-content\/uploads\/2022\/10\/LOGO-CC-WEB.png","contentUrl":"http:\/\/carrosscenter.com\/wp-content\/uploads\/2022\/10\/LOGO-CC-WEB.png","width":1867,"height":1167,"caption":"Carross'Center"},"image":{"@id":"https:\/\/www.carrosscenter.com\/nl\/#\/schema\/logo\/image\/"}}]}},"_links":{"self":[{"href":"https:\/\/carrosscenter.com\/en\/wp-json\/wp\/v2\/pages\/19554","targetHints":{"allow":["GET"]}}],"collection":[{"href":"https:\/\/carrosscenter.com\/en\/wp-json\/wp\/v2\/pages"}],"about":[{"href":"https:\/\/carrosscenter.com\/en\/wp-json\/wp\/v2\/types\/page"}],"author":[{"embeddable":true,"href":"https:\/\/carrosscenter.com\/en\/wp-json\/wp\/v2\/users\/2"}],"replies":[{"embeddable":true,"href":"https:\/\/carrosscenter.com\/en\/wp-json\/wp\/v2\/comments?post=19554"}],"version-history":[{"count":7,"href":"https:\/\/carrosscenter.com\/en\/wp-json\/wp\/v2\/pages\/19554\/revisions"}],"predecessor-version":[{"id":19562,"href":"https:\/\/carrosscenter.com\/en\/wp-json\/wp\/v2\/pages\/19554\/revisions\/19562"}],"wp:attachment":[{"href":"https:\/\/carrosscenter.com\/en\/wp-json\/wp\/v2\/media?parent=19554"}],"curies":[{"name":"wp","href":"https:\/\/api.w.org\/{rel}","templated":true}]}}