{"id":19150,"date":"2025-03-26T13:26:57","date_gmt":"2025-03-26T13:26:57","guid":{"rendered":"https:\/\/carrosscenter.com\/?page_id=19150"},"modified":"2026-04-13T19:42:09","modified_gmt":"2026-04-13T19:42:09","slug":"lequipe","status":"publish","type":"page","link":"https:\/\/carrosscenter.com\/nl\/lequipe\/","title":{"rendered":"Het team"},"content":{"rendered":"<div data-elementor-type=\"wp-page\" data-elementor-id=\"19150\" class=\"elementor elementor-19150\">\n\t\t\t\t        <section class=\"elementor-section elementor-top-section elementor-element elementor-element-88fd58c elementor-section-boxed elementor-section-height-default elementor-section-height-default ct-header-fixed-none ct-column-none ct-row-scroll-none ct-section-smoke-none ct-section-particle-none\" data-id=\"88fd58c\" data-element_type=\"section\" data-e-type=\"section\">\n            \n                        <div class=\"elementor-container elementor-column-gap-default\">\n                    <div class=\"elementor-column elementor-col-100 elementor-top-column elementor-element elementor-element-0138b94 ct-column-none\" data-id=\"0138b94\" data-element_type=\"column\" data-e-type=\"column\">\n        <div class=\"elementor-widget-wrap elementor-element-populated\">\n                    \n        \t\t<div class=\"elementor-element elementor-element-b612907 elementor-widget elementor-widget-ct_team_grid\" data-id=\"b612907\" data-element_type=\"widget\" data-e-type=\"widget\" data-widget_type=\"ct_team_grid.default\">\n\t\t\t\t<div class=\"elementor-widget-container\">\n\t\t\t\t\t    <div class=\"ct-grid ct-team ct-team-grid1 ct-grid-direction\">\r\n                <div class=\"ct-grid-inner ct-grid-masonry row animate-time\" data-gutter=\"7\">\r\n                            <div class=\"grid-item col-xl-3 col-lg-3 col-md-6 col-sm-6 col-12\">\r\n                    <div class=\"item-direction\">\r\n                        <div class=\"item--inner bg-image\" data-wow-duration=\"1.2s\">\r\n                        \t                                <div class=\"item--image\">\r\n                                    <img fetchpriority=\"high\" decoding=\"async\" width=\"570\" height=\"380\" src=\"https:\/\/carrosscenter.com\/wp-content\/uploads\/2025\/04\/2025-CARROSS-CENTER-LEGO-PERSONNEL-Jerome-Naujoks-General-Manageur.png\" class=\"no-lazyload attachment-full\" alt=\"\" srcset=\"https:\/\/carrosscenter.com\/wp-content\/uploads\/2025\/04\/2025-CARROSS-CENTER-LEGO-PERSONNEL-Jerome-Naujoks-General-Manageur.png 570w, https:\/\/carrosscenter.com\/wp-content\/uploads\/2025\/04\/2025-CARROSS-CENTER-LEGO-PERSONNEL-Jerome-Naujoks-General-Manageur-300x200.png 300w\" sizes=\"(max-width: 570px) 100vw, 570px\" \/>                                                                    <\/div>\r\n                                                        <div class=\"item--holder\">\r\n                                <a class=\"item--title\" href=\"#\">\r\n                                    J\u00e9r\u00f4me Naujoks                                <\/a>                                <div class=\"item--position\">ALGEMEEN MANAGER<\/div>\r\n                            <\/div>\r\n                                                            <div class=\"item--social\">\r\n                                                                    <\/div>\r\n                                                   <\/div>\r\n                   <\/div>\r\n                <\/div>\r\n                            <div class=\"grid-item col-xl-3 col-lg-3 col-md-6 col-sm-6 col-12\">\r\n                    <div class=\"item-direction\">\r\n                        <div class=\"item--inner bg-image\" data-wow-duration=\"1.2s\">\r\n                        \t                                <div class=\"item--image\">\r\n                                    <img decoding=\"async\" width=\"570\" height=\"380\" src=\"https:\/\/carrosscenter.com\/wp-content\/uploads\/2025\/04\/2025-CARROSS-CENTER-LEGO-PERSONNEL-Joeri-Van-Campenhout-MANAGER.png\" class=\"no-lazyload attachment-full\" alt=\"\" srcset=\"https:\/\/carrosscenter.com\/wp-content\/uploads\/2025\/04\/2025-CARROSS-CENTER-LEGO-PERSONNEL-Joeri-Van-Campenhout-MANAGER.png 570w, https:\/\/carrosscenter.com\/wp-content\/uploads\/2025\/04\/2025-CARROSS-CENTER-LEGO-PERSONNEL-Joeri-Van-Campenhout-MANAGER-300x200.png 300w\" sizes=\"(max-width: 570px) 100vw, 570px\" \/>                                                                    <\/div>\r\n                                                        <div class=\"item--holder\">\r\n                                <a class=\"item--title\" href=\"#\">\r\n                                    Joeri Van Campenhout                                <\/a>                                <div class=\"item--position\">MANAGER<\/div>\r\n                            <\/div>\r\n                                                            <div class=\"item--social\">\r\n                                                                    <\/div>\r\n                                                   <\/div>\r\n                   <\/div>\r\n                <\/div>\r\n                            <div class=\"grid-item col-xl-3 col-lg-3 col-md-6 col-sm-6 col-12\">\r\n                    <div class=\"item-direction\">\r\n                        <div class=\"item--inner bg-image\" data-wow-duration=\"1.2s\">\r\n                        \t                                <div class=\"item--image\">\r\n                                    <img decoding=\"async\" width=\"570\" height=\"380\" src=\"https:\/\/carrosscenter.com\/wp-content\/uploads\/2025\/04\/2025-CARROSS-CENTER-LEGO-PERSONNEL-Lucas-renard-assistant-de-direction-1.png\" class=\"no-lazyload attachment-full\" alt=\"\" srcset=\"https:\/\/carrosscenter.com\/wp-content\/uploads\/2025\/04\/2025-CARROSS-CENTER-LEGO-PERSONNEL-Lucas-renard-assistant-de-direction-1.png 570w, https:\/\/carrosscenter.com\/wp-content\/uploads\/2025\/04\/2025-CARROSS-CENTER-LEGO-PERSONNEL-Lucas-renard-assistant-de-direction-1-300x200.png 300w\" sizes=\"(max-width: 570px) 100vw, 570px\" \/>                                                                    <\/div>\r\n                                                        <div class=\"item--holder\">\r\n                                <a class=\"item--title\" href=\"#\">\r\n                                    Lucas Renard                                <\/a>                                <div class=\"item--position\">Ass. Beheer<\/div>\r\n                            <\/div>\r\n                                                            <div class=\"item--social\">\r\n                                                                    <\/div>\r\n                                                   <\/div>\r\n                   <\/div>\r\n                <\/div>\r\n                            <div class=\"grid-item col-xl-3 col-lg-3 col-md-6 col-sm-6 col-12\">\r\n                    <div class=\"item-direction\">\r\n                        <div class=\"item--inner bg-image\" data-wow-duration=\"1.2s\">\r\n                        \t                                <div class=\"item--image\">\r\n                                    <img loading=\"lazy\" decoding=\"async\" width=\"570\" height=\"380\" src=\"https:\/\/carrosscenter.com\/wp-content\/uploads\/2025\/04\/2025-CARROSS-CENTER-LEGO-PERSONNEL-Jeremy-Legrain-cfo.png\" class=\"no-lazyload attachment-full\" alt=\"\" srcset=\"https:\/\/carrosscenter.com\/wp-content\/uploads\/2025\/04\/2025-CARROSS-CENTER-LEGO-PERSONNEL-Jeremy-Legrain-cfo.png 570w, https:\/\/carrosscenter.com\/wp-content\/uploads\/2025\/04\/2025-CARROSS-CENTER-LEGO-PERSONNEL-Jeremy-Legrain-cfo-300x200.png 300w\" sizes=\"(max-width: 570px) 100vw, 570px\" \/>                                                                    <\/div>\r\n                                                        <div class=\"item--holder\">\r\n                                <a class=\"item--title\" href=\"#\">\r\n                                    Jeremy Legrain                                <\/a>                                <div class=\"item--position\">CFO<\/div>\r\n                            <\/div>\r\n                                                            <div class=\"item--social\">\r\n                                                                    <\/div>\r\n                                                   <\/div>\r\n                   <\/div>\r\n                <\/div>\r\n                            <div class=\"grid-item col-xl-3 col-lg-3 col-md-6 col-sm-6 col-12\">\r\n                    <div class=\"item-direction\">\r\n                        <div class=\"item--inner bg-image\" data-wow-duration=\"1.2s\">\r\n                        \t                                <div class=\"item--image\">\r\n                                    <img loading=\"lazy\" decoding=\"async\" width=\"570\" height=\"380\" src=\"https:\/\/carrosscenter.com\/wp-content\/uploads\/2025\/04\/2025-CARROSS-CENTER-LEGO-PERSONNEL-Alessandre-minnicino-parts-advisor.png\" class=\"no-lazyload attachment-full\" alt=\"\" srcset=\"https:\/\/carrosscenter.com\/wp-content\/uploads\/2025\/04\/2025-CARROSS-CENTER-LEGO-PERSONNEL-Alessandre-minnicino-parts-advisor.png 570w, https:\/\/carrosscenter.com\/wp-content\/uploads\/2025\/04\/2025-CARROSS-CENTER-LEGO-PERSONNEL-Alessandre-minnicino-parts-advisor-300x200.png 300w\" sizes=\"(max-width: 570px) 100vw, 570px\" \/>                                                                    <\/div>\r\n                                                        <div class=\"item--holder\">\r\n                                <a class=\"item--title\" href=\"#\">\r\n                                    Alessandre Minnicino                                <\/a>                                <div class=\"item--position\">ONDERDELEN SERVICE ADVISEUR<\/div>\r\n                            <\/div>\r\n                                                            <div class=\"item--social\">\r\n                                                                    <\/div>\r\n                                                   <\/div>\r\n                   <\/div>\r\n                <\/div>\r\n                            <div class=\"grid-item col-xl-3 col-lg-3 col-md-6 col-sm-6 col-12\">\r\n                    <div class=\"item-direction\">\r\n                        <div class=\"item--inner bg-image\" data-wow-duration=\"1.2s\">\r\n                        \t                                <div class=\"item--image\">\r\n                                    <img loading=\"lazy\" decoding=\"async\" width=\"570\" height=\"380\" src=\"https:\/\/carrosscenter.com\/wp-content\/uploads\/2025\/04\/2025-CARROSS-CENTER-LEGO-PERSONNEL-Livio-Ferreira-reception-2.png\" class=\"no-lazyload attachment-full\" alt=\"\" srcset=\"https:\/\/carrosscenter.com\/wp-content\/uploads\/2025\/04\/2025-CARROSS-CENTER-LEGO-PERSONNEL-Livio-Ferreira-reception-2.png 570w, https:\/\/carrosscenter.com\/wp-content\/uploads\/2025\/04\/2025-CARROSS-CENTER-LEGO-PERSONNEL-Livio-Ferreira-reception-2-300x200.png 300w\" sizes=\"(max-width: 570px) 100vw, 570px\" \/>                                                                    <\/div>\r\n                                                        <div class=\"item--holder\">\r\n                                <a class=\"item--title\" href=\"#\">\r\n                                    Livio Ferreira                                <\/a>                                <div class=\"item--position\">RECEPTIE<\/div>\r\n                            <\/div>\r\n                                                            <div class=\"item--social\">\r\n                                                                    <\/div>\r\n                                                   <\/div>\r\n                   <\/div>\r\n                <\/div>\r\n                            <div class=\"grid-item col-xl-3 col-lg-3 col-md-6 col-sm-6 col-12\">\r\n                    <div class=\"item-direction\">\r\n                        <div class=\"item--inner bg-image\" data-wow-duration=\"1.2s\">\r\n                        \t                                <div class=\"item--image\">\r\n                                    <img loading=\"lazy\" decoding=\"async\" width=\"570\" height=\"380\" src=\"https:\/\/carrosscenter.com\/wp-content\/uploads\/2025\/04\/2025-CARROSS-CENTER-LEGO-PERSONNEL-Thomas-Dangereux-Responsable-carrosserie-prevention-securite.png\" class=\"no-lazyload attachment-full\" alt=\"\" srcset=\"https:\/\/carrosscenter.com\/wp-content\/uploads\/2025\/04\/2025-CARROSS-CENTER-LEGO-PERSONNEL-Thomas-Dangereux-Responsable-carrosserie-prevention-securite.png 570w, https:\/\/carrosscenter.com\/wp-content\/uploads\/2025\/04\/2025-CARROSS-CENTER-LEGO-PERSONNEL-Thomas-Dangereux-Responsable-carrosserie-prevention-securite-300x200.png 300w\" sizes=\"(max-width: 570px) 100vw, 570px\" \/>                                                                    <\/div>\r\n                                                        <div class=\"item--holder\">\r\n                                <a class=\"item--title\" href=\"#\">\r\n                                    Thomas Deangreaux                                <\/a>                                <div class=\"item--position\">PREVENTIE\/VEILIGHEID<\/div>\r\n                            <\/div>\r\n                                                            <div class=\"item--social\">\r\n                                                                    <\/div>\r\n                                                   <\/div>\r\n                   <\/div>\r\n                <\/div>\r\n                            <div class=\"grid-item col-xl-3 col-lg-3 col-md-6 col-sm-6 col-12\">\r\n                    <div class=\"item-direction\">\r\n                        <div class=\"item--inner bg-image\" data-wow-duration=\"1.2s\">\r\n                        \t                                <div class=\"item--image\">\r\n                                    <img loading=\"lazy\" decoding=\"async\" width=\"570\" height=\"380\" src=\"https:\/\/carrosscenter.com\/wp-content\/uploads\/2025\/04\/2025-CARROSS-CENTER-LEGO-PERSONNEL-Nicolas-deghilage-magasinier.png\" class=\"no-lazyload attachment-full\" alt=\"\" srcset=\"https:\/\/carrosscenter.com\/wp-content\/uploads\/2025\/04\/2025-CARROSS-CENTER-LEGO-PERSONNEL-Nicolas-deghilage-magasinier.png 570w, https:\/\/carrosscenter.com\/wp-content\/uploads\/2025\/04\/2025-CARROSS-CENTER-LEGO-PERSONNEL-Nicolas-deghilage-magasinier-300x200.png 300w\" sizes=\"(max-width: 570px) 100vw, 570px\" \/>                                                                    <\/div>\r\n                                                        <div class=\"item--holder\">\r\n                                <a class=\"item--title\" href=\"#\">\r\n                                    Nicolas Deghilage                                <\/a>                                <div class=\"item--position\">STOREKEEPER<\/div>\r\n                            <\/div>\r\n                                                            <div class=\"item--social\">\r\n                                                                    <\/div>\r\n                                                   <\/div>\r\n                   <\/div>\r\n                <\/div>\r\n                        <div class=\"grid-sizer col-xl-3 col-lg-3 col-md-6 col-sm-6 col-12\"><\/div>\r\n        <\/div>\r\n    <\/div>\r\n\t\t\t\t<\/div>\n\t\t\t\t<\/div>\n\t\t            <\/div>\n        <\/div>\n                    <\/div>\n        <\/section>\n        \t\t<\/div>","protected":false},"excerpt":{"rendered":"<p>J\u00e9r\u00f4me Naujoks ALGEMEEN MANAGER Joeri Van Campenhout MANAGER Lucas Renard Executive Assistant Jeremy Legrain CFO Alessandre Minnicino PARTS SERVICE ADVISOR Livio Ferreira RECEPTION Thomas Deangreaux PREVENTION\/SECURITY Nicolas Deghilage STOREKEEPER<\/p>","protected":false},"author":2,"featured_media":0,"parent":0,"menu_order":0,"comment_status":"closed","ping_status":"closed","template":"","meta":{"footnotes":""},"class_list":["post-19150","page","type-page","status-publish","hentry"],"yoast_head":"<!-- This site is optimized with the Yoast SEO plugin v27.4 - https:\/\/yoast.com\/product\/yoast-seo-wordpress\/ -->\n<title>L&#039;\u00e9quipe | Carross&#039; Center 100% Bus &amp; Coach Saint-Ghislain<\/title>\n<meta name=\"robots\" content=\"index, follow, max-snippet:-1, max-image-preview:large, max-video-preview:-1\" \/>\n<link rel=\"canonical\" href=\"http:\/\/carrosscenter.com\/nl\/lequipe\/\" \/>\n<meta property=\"og:locale\" content=\"nl_BE\" \/>\n<meta property=\"og:type\" content=\"article\" \/>\n<meta property=\"og:title\" content=\"L&#039;\u00e9quipe | Carross&#039; Center 100% Bus &amp; Coach Saint-Ghislain\" \/>\n<meta property=\"og:description\" content=\"J\u00e9r\u00f4me Naujoks GENERAL MANAGER Joeri Van Campenhout MANAGER Lucas Renard Ass. Direction Jeremy Legrain CFO Alessandre Minnicino PARTS SERVICE ADVISOR Livio Ferreira RECEPTION Thomas Deangreaux PREVENTION\/SECURIT\u00c9 Nicolas Deghilage MAGASINIER\" \/>\n<meta property=\"og:url\" content=\"http:\/\/carrosscenter.com\/nl\/lequipe\/\" \/>\n<meta property=\"og:site_name\" content=\"Carross&#039;Center\" \/>\n<meta property=\"article:modified_time\" content=\"2026-04-13T19:42:09+00:00\" \/>\n<meta property=\"og:image\" content=\"http:\/\/carrosscenter.com\/wp-content\/uploads\/2025\/04\/2025-CARROSS-CENTER-LEGO-PERSONNEL-Jerome-Naujoks-General-Manageur.png\" \/>\n<meta name=\"twitter:card\" content=\"summary_large_image\" \/>\n<meta name=\"twitter:label1\" content=\"Geschatte leestijd\" \/>\n\t<meta name=\"twitter:data1\" content=\"2 minuten\" \/>\n<script type=\"application\/ld+json\" class=\"yoast-schema-graph\">{\"@context\":\"https:\\\/\\\/schema.org\",\"@graph\":[{\"@type\":\"WebPage\",\"@id\":\"http:\\\/\\\/carrosscenter.com\\\/lequipe\\\/\",\"url\":\"http:\\\/\\\/carrosscenter.com\\\/lequipe\\\/\",\"name\":\"L'\u00e9quipe | Carross' Center 100% Bus & Coach Saint-Ghislain\",\"isPartOf\":{\"@id\":\"https:\\\/\\\/www.carrosscenter.com\\\/nl\\\/#website\"},\"primaryImageOfPage\":{\"@id\":\"http:\\\/\\\/carrosscenter.com\\\/lequipe\\\/#primaryimage\"},\"image\":{\"@id\":\"http:\\\/\\\/carrosscenter.com\\\/lequipe\\\/#primaryimage\"},\"thumbnailUrl\":\"http:\\\/\\\/carrosscenter.com\\\/wp-content\\\/uploads\\\/2025\\\/04\\\/2025-CARROSS-CENTER-LEGO-PERSONNEL-Jerome-Naujoks-General-Manageur.png\",\"datePublished\":\"2025-03-26T13:26:57+00:00\",\"dateModified\":\"2026-04-13T19:42:09+00:00\",\"breadcrumb\":{\"@id\":\"http:\\\/\\\/carrosscenter.com\\\/lequipe\\\/#breadcrumb\"},\"inLanguage\":\"nl-BE\",\"potentialAction\":[{\"@type\":\"ReadAction\",\"target\":[\"http:\\\/\\\/carrosscenter.com\\\/lequipe\\\/\"]}]},{\"@type\":\"ImageObject\",\"inLanguage\":\"nl-BE\",\"@id\":\"http:\\\/\\\/carrosscenter.com\\\/lequipe\\\/#primaryimage\",\"url\":\"http:\\\/\\\/carrosscenter.com\\\/wp-content\\\/uploads\\\/2025\\\/04\\\/2025-CARROSS-CENTER-LEGO-PERSONNEL-Jerome-Naujoks-General-Manageur.png\",\"contentUrl\":\"http:\\\/\\\/carrosscenter.com\\\/wp-content\\\/uploads\\\/2025\\\/04\\\/2025-CARROSS-CENTER-LEGO-PERSONNEL-Jerome-Naujoks-General-Manageur.png\"},{\"@type\":\"BreadcrumbList\",\"@id\":\"http:\\\/\\\/carrosscenter.com\\\/lequipe\\\/#breadcrumb\",\"itemListElement\":[{\"@type\":\"ListItem\",\"position\":1,\"name\":\"Home\",\"item\":\"http:\\\/\\\/carrosscenter.com\\\/\"},{\"@type\":\"ListItem\",\"position\":2,\"name\":\"L&#8217;\u00e9quipe\"}]},{\"@type\":\"WebSite\",\"@id\":\"https:\\\/\\\/www.carrosscenter.com\\\/nl\\\/#website\",\"url\":\"https:\\\/\\\/www.carrosscenter.com\\\/nl\\\/\",\"name\":\"Carross'Center\",\"description\":\"Tous les services sous un m\u00eame toit\",\"publisher\":{\"@id\":\"https:\\\/\\\/www.carrosscenter.com\\\/nl\\\/#organization\"},\"potentialAction\":[{\"@type\":\"SearchAction\",\"target\":{\"@type\":\"EntryPoint\",\"urlTemplate\":\"https:\\\/\\\/www.carrosscenter.com\\\/nl\\\/?s={search_term_string}\"},\"query-input\":{\"@type\":\"PropertyValueSpecification\",\"valueRequired\":true,\"valueName\":\"search_term_string\"}}],\"inLanguage\":\"nl-BE\"},{\"@type\":\"Organization\",\"@id\":\"https:\\\/\\\/www.carrosscenter.com\\\/nl\\\/#organization\",\"name\":\"Carross'Center\",\"url\":\"https:\\\/\\\/www.carrosscenter.com\\\/nl\\\/\",\"logo\":{\"@type\":\"ImageObject\",\"inLanguage\":\"nl-BE\",\"@id\":\"https:\\\/\\\/www.carrosscenter.com\\\/nl\\\/#\\\/schema\\\/logo\\\/image\\\/\",\"url\":\"http:\\\/\\\/carrosscenter.com\\\/wp-content\\\/uploads\\\/2022\\\/10\\\/LOGO-CC-WEB.png\",\"contentUrl\":\"http:\\\/\\\/carrosscenter.com\\\/wp-content\\\/uploads\\\/2022\\\/10\\\/LOGO-CC-WEB.png\",\"width\":1867,\"height\":1167,\"caption\":\"Carross'Center\"},\"image\":{\"@id\":\"https:\\\/\\\/www.carrosscenter.com\\\/nl\\\/#\\\/schema\\\/logo\\\/image\\\/\"}}]}<\/script>\n<!-- \/ Yoast SEO plugin. -->","yoast_head_json":{"title":"Het team | Carross' Centrum 100% Bus &amp; Coach Saint-Ghislain","robots":{"index":"index","follow":"follow","max-snippet":"max-snippet:-1","max-image-preview":"max-image-preview:large","max-video-preview":"max-video-preview:-1"},"canonical":"http:\/\/carrosscenter.com\/nl\/lequipe\/","og_locale":"nl_BE","og_type":"article","og_title":"L'\u00e9quipe | Carross' Center 100% Bus & Coach Saint-Ghislain","og_description":"J\u00e9r\u00f4me Naujoks GENERAL MANAGER Joeri Van Campenhout MANAGER Lucas Renard Ass. Direction Jeremy Legrain CFO Alessandre Minnicino PARTS SERVICE ADVISOR Livio Ferreira RECEPTION Thomas Deangreaux PREVENTION\/SECURIT\u00c9 Nicolas Deghilage MAGASINIER","og_url":"http:\/\/carrosscenter.com\/nl\/lequipe\/","og_site_name":"Carross&#039;Center","article_modified_time":"2026-04-13T19:42:09+00:00","og_image":[{"url":"http:\/\/carrosscenter.com\/wp-content\/uploads\/2025\/04\/2025-CARROSS-CENTER-LEGO-PERSONNEL-Jerome-Naujoks-General-Manageur.png","type":"","width":"","height":""}],"twitter_card":"summary_large_image","twitter_misc":{"Geschatte leestijd":"2 minuten"},"schema":{"@context":"https:\/\/schema.org","@graph":[{"@type":"WebPage","@id":"http:\/\/carrosscenter.com\/lequipe\/","url":"http:\/\/carrosscenter.com\/lequipe\/","name":"Het team | Carross' Centrum 100% Bus &amp; Coach Saint-Ghislain","isPartOf":{"@id":"https:\/\/www.carrosscenter.com\/nl\/#website"},"primaryImageOfPage":{"@id":"http:\/\/carrosscenter.com\/lequipe\/#primaryimage"},"image":{"@id":"http:\/\/carrosscenter.com\/lequipe\/#primaryimage"},"thumbnailUrl":"http:\/\/carrosscenter.com\/wp-content\/uploads\/2025\/04\/2025-CARROSS-CENTER-LEGO-PERSONNEL-Jerome-Naujoks-General-Manageur.png","datePublished":"2025-03-26T13:26:57+00:00","dateModified":"2026-04-13T19:42:09+00:00","breadcrumb":{"@id":"http:\/\/carrosscenter.com\/lequipe\/#breadcrumb"},"inLanguage":"nl-BE","potentialAction":[{"@type":"ReadAction","target":["http:\/\/carrosscenter.com\/lequipe\/"]}]},{"@type":"ImageObject","inLanguage":"nl-BE","@id":"http:\/\/carrosscenter.com\/lequipe\/#primaryimage","url":"http:\/\/carrosscenter.com\/wp-content\/uploads\/2025\/04\/2025-CARROSS-CENTER-LEGO-PERSONNEL-Jerome-Naujoks-General-Manageur.png","contentUrl":"http:\/\/carrosscenter.com\/wp-content\/uploads\/2025\/04\/2025-CARROSS-CENTER-LEGO-PERSONNEL-Jerome-Naujoks-General-Manageur.png"},{"@type":"BreadcrumbList","@id":"http:\/\/carrosscenter.com\/lequipe\/#breadcrumb","itemListElement":[{"@type":"ListItem","position":1,"name":"Home","item":"http:\/\/carrosscenter.com\/"},{"@type":"ListItem","position":2,"name":"L&#8217;\u00e9quipe"}]},{"@type":"WebSite","@id":"https:\/\/www.carrosscenter.com\/nl\/#website","url":"https:\/\/www.carrosscenter.com\/nl\/","name":"Carross'Centrum","description":"Alle diensten onder \u00e9\u00e9n dak","publisher":{"@id":"https:\/\/www.carrosscenter.com\/nl\/#organization"},"potentialAction":[{"@type":"SearchAction","target":{"@type":"EntryPoint","urlTemplate":"https:\/\/www.carrosscenter.com\/nl\/?s={search_term_string}"},"query-input":{"@type":"PropertyValueSpecification","valueRequired":true,"valueName":"search_term_string"}}],"inLanguage":"nl-BE"},{"@type":"Organization","@id":"https:\/\/www.carrosscenter.com\/nl\/#organization","name":"Carross'Centrum","url":"https:\/\/www.carrosscenter.com\/nl\/","logo":{"@type":"ImageObject","inLanguage":"nl-BE","@id":"https:\/\/www.carrosscenter.com\/nl\/#\/schema\/logo\/image\/","url":"http:\/\/carrosscenter.com\/wp-content\/uploads\/2022\/10\/LOGO-CC-WEB.png","contentUrl":"http:\/\/carrosscenter.com\/wp-content\/uploads\/2022\/10\/LOGO-CC-WEB.png","width":1867,"height":1167,"caption":"Carross'Center"},"image":{"@id":"https:\/\/www.carrosscenter.com\/nl\/#\/schema\/logo\/image\/"}}]}},"_links":{"self":[{"href":"https:\/\/carrosscenter.com\/nl\/wp-json\/wp\/v2\/pages\/19150","targetHints":{"allow":["GET"]}}],"collection":[{"href":"https:\/\/carrosscenter.com\/nl\/wp-json\/wp\/v2\/pages"}],"about":[{"href":"https:\/\/carrosscenter.com\/nl\/wp-json\/wp\/v2\/types\/page"}],"author":[{"embeddable":true,"href":"https:\/\/carrosscenter.com\/nl\/wp-json\/wp\/v2\/users\/2"}],"replies":[{"embeddable":true,"href":"https:\/\/carrosscenter.com\/nl\/wp-json\/wp\/v2\/comments?post=19150"}],"version-history":[{"count":19,"href":"https:\/\/carrosscenter.com\/nl\/wp-json\/wp\/v2\/pages\/19150\/revisions"}],"predecessor-version":[{"id":19462,"href":"https:\/\/carrosscenter.com\/nl\/wp-json\/wp\/v2\/pages\/19150\/revisions\/19462"}],"wp:attachment":[{"href":"https:\/\/carrosscenter.com\/nl\/wp-json\/wp\/v2\/media?parent=19150"}],"curies":[{"name":"wp","href":"https:\/\/api.w.org\/{rel}","templated":true}]}}