{"id":19554,"date":"2025-04-07T12:40:28","date_gmt":"2025-04-07T12:40:28","guid":{"rendered":"https:\/\/carrosscenter.com\/?page_id=19554"},"modified":"2026-04-13T19:42:00","modified_gmt":"2026-04-13T19:42:00","slug":"politique-de-confidentialite","status":"publish","type":"page","link":"https:\/\/carrosscenter.com\/nl\/politique-de-confidentialite\/","title":{"rendered":"Privacybeleid"},"content":{"rendered":"<div data-elementor-type=\"wp-page\" data-elementor-id=\"19554\" class=\"elementor elementor-19554\">\n\t\t\t\t        <section class=\"elementor-section elementor-top-section elementor-element elementor-element-4c78907 elementor-section-content-middle elementor-section-boxed elementor-section-height-default elementor-section-height-default ct-header-fixed-none ct-column-none ct-row-scroll-none ct-section-smoke-none ct-section-particle-none\" data-id=\"4c78907\" data-element_type=\"section\" data-e-type=\"section\">\n            \n                        <div class=\"elementor-container elementor-column-gap-default\">\n                    <div class=\"elementor-column elementor-col-100 elementor-top-column elementor-element elementor-element-a8ad079 animated-slow ct-column-none elementor-invisible\" data-id=\"a8ad079\" data-element_type=\"column\" data-e-type=\"column\" data-settings=\"{&quot;animation&quot;:&quot;fadeInLeft&quot;}\">\n        <div class=\"elementor-widget-wrap elementor-element-populated\">\n                    \n        \t\t<div class=\"elementor-element elementor-element-7d01405 elementor-invisible elementor-widget elementor-widget-ct_heading\" data-id=\"7d01405\" data-element_type=\"widget\" data-e-type=\"widget\" data-settings=\"{&quot;_animation&quot;:&quot;fadeInLeft&quot;}\" data-widget_type=\"ct_heading.default\">\n\t\t\t\t<div class=\"elementor-widget-container\">\n\t\t\t\t\t<div class=\"ct-heading h-align-\">\r\n    \t    <h2 class=\"item--title case-animate-time st-default\" data-wow-delay=\"ms\">\r\n        <span>Beheer van cookies<\/span>    <\/h2>\r\n<\/div>\t\t\t\t<\/div>\n\t\t\t\t<\/div>\n\t\t\t\t<div class=\"elementor-element elementor-element-3e2f53f elementor-invisible elementor-widget elementor-widget-ct_text_editor\" data-id=\"3e2f53f\" data-element_type=\"widget\" data-e-type=\"widget\" data-settings=\"{&quot;_animation&quot;:&quot;fadeInLeft&quot;,&quot;_animation_delay&quot;:100}\" data-widget_type=\"ct_text_editor.default\">\n\t\t\t\t<div class=\"elementor-widget-container\">\n\t\t\t\t\t<div id=\"ct_text_editor-3e2f53f\" class=\"ct-text-editor\" data-wow-delay=\"ms\">\n\t<div class=\"ct-inline-css\"  data-css=\"        \t\t\">\n\n    <\/div>\n\t<div class=\"ct-text-inner elementor-clearfix\">\n\t\t<p>Door gebruik te maken van onze site verklaart u expliciet kennis te hebben genomen van het privacybeleid van Carross' Center, waarmee u op de hoogte wordt gesteld van de verwerking van uw persoonlijke gegevens in overeenstemming met de hier beschreven voorwaarden en principes.<\/p><p>Onze site gebruikt cookies om de functionaliteit te verbeteren. Cookies zijn gegevens die op uw apparaat worden opgeslagen en die de site in staat stellen bepaalde informatie over u te bewaren zodat u beter kunt surfen.<\/p><p>We gebruiken verschillende cookies voor specifieke doeleinden:<\/p><p>Noodzakelijke cookies: deze worden gebruikt om verschillende functies op de site correct te kunnen gebruiken. Deze cookies verzamelen geen persoonlijke gegevens;<\/p><p>Functionele cookies: dit zijn cookies die het gebruik van bepaalde functies van de site vergemakkelijken. Ze kunnen bijvoorbeeld het adres van de gebruiker opslaan om automatisch het \"adres\"-veld van een formulier in te vullen, zodat de gebruiker dit niet zelf hoeft in te vullen.<\/p><p>Door op de knop \"Ik ga akkoord\" te klikken, gaat u akkoord met het gebruik van cookies (artikel 6, 1, a van de RGPD). U kunt deze toestemming te allen tijde intrekken door te klikken op de knop \"Privacybeleid\" onder aan de site. Als u geen cookies wilt toestaan, kan het gebruik van bepaalde functies worden gewijzigd.<\/p>\t<\/div>\n<\/div>\t\t\t\t<\/div>\n\t\t\t\t<\/div>\n\t\t\t\t<div class=\"elementor-element elementor-element-cfc15e3 elementor-invisible elementor-widget elementor-widget-ct_heading\" data-id=\"cfc15e3\" data-element_type=\"widget\" data-e-type=\"widget\" data-settings=\"{&quot;_animation&quot;:&quot;fadeInLeft&quot;}\" data-widget_type=\"ct_heading.default\">\n\t\t\t\t<div class=\"elementor-widget-container\">\n\t\t\t\t\t<div class=\"ct-heading h-align-\">\r\n    \t    <h2 class=\"item--title case-animate-time st-default\" data-wow-delay=\"ms\">\r\n        <span>Verwerking van persoonlijke gegevens<\/span>    <\/h2>\r\n<\/div>\t\t\t\t<\/div>\n\t\t\t\t<\/div>\n\t\t\t\t<div class=\"elementor-element elementor-element-5733fba elementor-invisible elementor-widget elementor-widget-ct_text_editor\" data-id=\"5733fba\" data-element_type=\"widget\" data-e-type=\"widget\" data-settings=\"{&quot;_animation&quot;:&quot;fadeInLeft&quot;,&quot;_animation_delay&quot;:100}\" data-widget_type=\"ct_text_editor.default\">\n\t\t\t\t<div class=\"elementor-widget-container\">\n\t\t\t\t\t<div id=\"ct_text_editor-5733fba\" class=\"ct-text-editor\" data-wow-delay=\"ms\">\n\t<div class=\"ct-inline-css\"  data-css=\"        \t\t\">\n\n    <\/div>\n\t<div class=\"ct-text-inner elementor-clearfix\">\n\t\t<p>Carross' Center treedt op als verantwoordelijke voor de verwerking van persoonsgegevens die worden verzameld en verwerkt in verband met uw gebruik van de website.<\/p><p>Alle gegevens over de gebruiker die via cookies of formulieren op de site worden verzameld, worden alleen in onze database opgeslagen als de gebruiker daar vooraf toestemming voor heeft gegeven. Deze informatie wordt niet gebruikt voor andere doeleinden dan die waarmee de gebruiker heeft ingestemd. Gebruikers hebben het recht om op elk gewenst moment en zonder opgaaf van reden informatie over hen in te zien, te wijzigen of te verwijderen bij Carross' Center. Hiertoe kan de gebruiker per e-mail contact opnemen met de verantwoordelijke voor de verwerking op info@carrosscenter.com.<\/p><p>Zodra het verzoek is ingevoerd, neemt Carross' Center zo snel mogelijk contact op met de gebruiker om het verzoek op te volgen.<\/p><p>Uw gegevens kunnen worden gebruikt voor :<\/p><p>\u25d9 Sta Carross' Center toe om op uw verzoeken te reageren;<\/p><p>\u25d9 Onze diensten aan de gebruiker leveren;<\/p><p>\u25d9 De gebruikerservaring verbeteren ;<\/p><p>\u25d9 Deze gegevens analyseren om de werking van de site te verbeteren;<\/p><p>Uw gegevens worden niet doorgegeven aan derden zonder uw toestemming. Carross' Center verstrekt uw persoonsgegevens niet aan derden voor direct marketing doeleinden en verwerkt uw persoonsgegevens niet voor wervingsdoeleinden, waaronder profilering.<\/p>\t<\/div>\n<\/div>\t\t\t\t<\/div>\n\t\t\t\t<\/div>\n\t\t\t\t<div class=\"elementor-element elementor-element-2d49d83 elementor-invisible elementor-widget elementor-widget-ct_heading\" data-id=\"2d49d83\" data-element_type=\"widget\" data-e-type=\"widget\" data-settings=\"{&quot;_animation&quot;:&quot;fadeInLeft&quot;}\" data-widget_type=\"ct_heading.default\">\n\t\t\t\t<div class=\"elementor-widget-container\">\n\t\t\t\t\t<div class=\"ct-heading h-align-\">\r\n    \t    <h2 class=\"item--title case-animate-time st-default\" data-wow-delay=\"ms\">\r\n        <span>Beveiliging<\/span>    <\/h2>\r\n<\/div>\t\t\t\t<\/div>\n\t\t\t\t<\/div>\n\t\t\t\t<div class=\"elementor-element elementor-element-4ff1e7d elementor-invisible elementor-widget elementor-widget-ct_text_editor\" data-id=\"4ff1e7d\" data-element_type=\"widget\" data-e-type=\"widget\" data-settings=\"{&quot;_animation&quot;:&quot;fadeInLeft&quot;,&quot;_animation_delay&quot;:100}\" data-widget_type=\"ct_text_editor.default\">\n\t\t\t\t<div class=\"elementor-widget-container\">\n\t\t\t\t\t<div id=\"ct_text_editor-4ff1e7d\" class=\"ct-text-editor\" data-wow-delay=\"ms\">\n\t<div class=\"ct-inline-css\"  data-css=\"        \t\t\">\n\n    <\/div>\n\t<div class=\"ct-text-inner elementor-clearfix\">\n\t\t<p>Wij doen redelijke inspanningen om de persoonlijke informatie van de Gebruikers te beschermen, maar geen enkel bedrijf, inclusief ons BEDRIJF, kan de veiligheidsrisico's verbonden aan het verwerken van informatie op het Internet volledig uitsluiten. Bijvoorbeeld, de persoonlijke informatie van onze Gebruikers kan worden be\u00efnvloed door handelingen buiten onze controle, zoals \"hacking\" en fysieke diefstal. Gebruikers erkennen dat zij hun persoonlijke informatie op eigen risico verstrekken.<\/p>\t<\/div>\n<\/div>\t\t\t\t<\/div>\n\t\t\t\t<\/div>\n\t\t            <\/div>\n        <\/div>\n                    <\/div>\n        <\/section>\n        \t\t<\/div>","protected":false},"excerpt":{"rendered":"<p>Cookiebeheer Door gebruik te maken van onze site verklaart u expliciet kennis te hebben genomen van het privacybeleid van Carross' Center, waarmee u op de hoogte wordt gesteld van de verwerking van uw persoonsgegevens in overeenstemming met de hier beschreven voorwaarden en principes. Onze website maakt gebruik van cookies om de aangeboden functionaliteiten te verbeteren. Cookies zijn gegevens die op de harde schijf van uw computer worden opgeslagen.<\/p>","protected":false},"author":2,"featured_media":0,"parent":0,"menu_order":0,"comment_status":"closed","ping_status":"closed","template":"","meta":{"footnotes":""},"class_list":["post-19554","page","type-page","status-publish","hentry"],"yoast_head":"<!-- This site is optimized with the Yoast SEO plugin v27.4 - https:\/\/yoast.com\/product\/yoast-seo-wordpress\/ -->\n<title>Politique de confidentialit\u00e9 | Carross&#039; Center 100% Bus &amp; Coach Saint-Ghislain<\/title>\n<meta name=\"robots\" content=\"index, follow, max-snippet:-1, max-image-preview:large, max-video-preview:-1\" \/>\n<link rel=\"canonical\" href=\"http:\/\/carrosscenter.com\/nl\/politique-de-confidentialite\/\" \/>\n<meta property=\"og:locale\" content=\"nl_BE\" \/>\n<meta property=\"og:type\" content=\"article\" \/>\n<meta property=\"og:title\" content=\"Politique de confidentialit\u00e9 | Carross&#039; Center 100% Bus &amp; Coach Saint-Ghislain\" \/>\n<meta property=\"og:description\" content=\"Gestion des cookies En utilisant notre site, vous d\u00e9clarez explicitement avoir lu la politique de confidentialit\u00e9 de Carross\u2019\u00a0 Center, vous informant ainsi du traitement de vos donn\u00e9es personnelles selon les modalit\u00e9s et principes d\u00e9crits ici. Notre site utilise des cookies afin d\u2019am\u00e9liorer les fonctionnalit\u00e9s qu\u2019il propose. Les cookies sont des donn\u00e9es qui sont sauvegard\u00e9es sur [&hellip;]\" \/>\n<meta property=\"og:url\" content=\"http:\/\/carrosscenter.com\/nl\/politique-de-confidentialite\/\" \/>\n<meta property=\"og:site_name\" content=\"Carross&#039;Center\" \/>\n<meta property=\"article:modified_time\" content=\"2026-04-13T19:42:00+00:00\" \/>\n<meta name=\"twitter:card\" content=\"summary_large_image\" \/>\n<meta name=\"twitter:label1\" content=\"Geschatte leestijd\" \/>\n\t<meta name=\"twitter:data1\" content=\"3 minuten\" \/>\n<script type=\"application\/ld+json\" class=\"yoast-schema-graph\">{\"@context\":\"https:\\\/\\\/schema.org\",\"@graph\":[{\"@type\":\"WebPage\",\"@id\":\"http:\\\/\\\/carrosscenter.com\\\/politique-de-confidentialite\\\/\",\"url\":\"http:\\\/\\\/carrosscenter.com\\\/politique-de-confidentialite\\\/\",\"name\":\"Politique de confidentialit\u00e9 | Carross' Center 100% Bus & Coach Saint-Ghislain\",\"isPartOf\":{\"@id\":\"https:\\\/\\\/www.carrosscenter.com\\\/nl\\\/#website\"},\"datePublished\":\"2025-04-07T12:40:28+00:00\",\"dateModified\":\"2026-04-13T19:42:00+00:00\",\"breadcrumb\":{\"@id\":\"http:\\\/\\\/carrosscenter.com\\\/politique-de-confidentialite\\\/#breadcrumb\"},\"inLanguage\":\"nl-BE\",\"potentialAction\":[{\"@type\":\"ReadAction\",\"target\":[\"http:\\\/\\\/carrosscenter.com\\\/politique-de-confidentialite\\\/\"]}]},{\"@type\":\"BreadcrumbList\",\"@id\":\"http:\\\/\\\/carrosscenter.com\\\/politique-de-confidentialite\\\/#breadcrumb\",\"itemListElement\":[{\"@type\":\"ListItem\",\"position\":1,\"name\":\"Home\",\"item\":\"http:\\\/\\\/carrosscenter.com\\\/\"},{\"@type\":\"ListItem\",\"position\":2,\"name\":\"Politique de confidentialit\u00e9\"}]},{\"@type\":\"WebSite\",\"@id\":\"https:\\\/\\\/www.carrosscenter.com\\\/nl\\\/#website\",\"url\":\"https:\\\/\\\/www.carrosscenter.com\\\/nl\\\/\",\"name\":\"Carross'Center\",\"description\":\"Tous les services sous un m\u00eame toit\",\"publisher\":{\"@id\":\"https:\\\/\\\/www.carrosscenter.com\\\/nl\\\/#organization\"},\"potentialAction\":[{\"@type\":\"SearchAction\",\"target\":{\"@type\":\"EntryPoint\",\"urlTemplate\":\"https:\\\/\\\/www.carrosscenter.com\\\/nl\\\/?s={search_term_string}\"},\"query-input\":{\"@type\":\"PropertyValueSpecification\",\"valueRequired\":true,\"valueName\":\"search_term_string\"}}],\"inLanguage\":\"nl-BE\"},{\"@type\":\"Organization\",\"@id\":\"https:\\\/\\\/www.carrosscenter.com\\\/nl\\\/#organization\",\"name\":\"Carross'Center\",\"url\":\"https:\\\/\\\/www.carrosscenter.com\\\/nl\\\/\",\"logo\":{\"@type\":\"ImageObject\",\"inLanguage\":\"nl-BE\",\"@id\":\"https:\\\/\\\/www.carrosscenter.com\\\/nl\\\/#\\\/schema\\\/logo\\\/image\\\/\",\"url\":\"http:\\\/\\\/carrosscenter.com\\\/wp-content\\\/uploads\\\/2022\\\/10\\\/LOGO-CC-WEB.png\",\"contentUrl\":\"http:\\\/\\\/carrosscenter.com\\\/wp-content\\\/uploads\\\/2022\\\/10\\\/LOGO-CC-WEB.png\",\"width\":1867,\"height\":1167,\"caption\":\"Carross'Center\"},\"image\":{\"@id\":\"https:\\\/\\\/www.carrosscenter.com\\\/nl\\\/#\\\/schema\\\/logo\\\/image\\\/\"}}]}<\/script>\n<!-- \/ Yoast SEO plugin. -->","yoast_head_json":{"title":"Privacybeleid | Carross' Centrum 100% Bus &amp; Coach Saint-Ghislain","robots":{"index":"index","follow":"follow","max-snippet":"max-snippet:-1","max-image-preview":"max-image-preview:large","max-video-preview":"max-video-preview:-1"},"canonical":"http:\/\/carrosscenter.com\/nl\/politique-de-confidentialite\/","og_locale":"nl_BE","og_type":"article","og_title":"Politique de confidentialit\u00e9 | Carross' Center 100% Bus & Coach Saint-Ghislain","og_description":"Gestion des cookies En utilisant notre site, vous d\u00e9clarez explicitement avoir lu la politique de confidentialit\u00e9 de Carross\u2019\u00a0 Center, vous informant ainsi du traitement de vos donn\u00e9es personnelles selon les modalit\u00e9s et principes d\u00e9crits ici. Notre site utilise des cookies afin d\u2019am\u00e9liorer les fonctionnalit\u00e9s qu\u2019il propose. Les cookies sont des donn\u00e9es qui sont sauvegard\u00e9es sur [&hellip;]","og_url":"http:\/\/carrosscenter.com\/nl\/politique-de-confidentialite\/","og_site_name":"Carross&#039;Center","article_modified_time":"2026-04-13T19:42:00+00:00","twitter_card":"summary_large_image","twitter_misc":{"Geschatte leestijd":"3 minuten"},"schema":{"@context":"https:\/\/schema.org","@graph":[{"@type":"WebPage","@id":"http:\/\/carrosscenter.com\/politique-de-confidentialite\/","url":"http:\/\/carrosscenter.com\/politique-de-confidentialite\/","name":"Privacybeleid | Carross' Centrum 100% Bus &amp; Coach Saint-Ghislain","isPartOf":{"@id":"https:\/\/www.carrosscenter.com\/nl\/#website"},"datePublished":"2025-04-07T12:40:28+00:00","dateModified":"2026-04-13T19:42:00+00:00","breadcrumb":{"@id":"http:\/\/carrosscenter.com\/politique-de-confidentialite\/#breadcrumb"},"inLanguage":"nl-BE","potentialAction":[{"@type":"ReadAction","target":["http:\/\/carrosscenter.com\/politique-de-confidentialite\/"]}]},{"@type":"BreadcrumbList","@id":"http:\/\/carrosscenter.com\/politique-de-confidentialite\/#breadcrumb","itemListElement":[{"@type":"ListItem","position":1,"name":"Home","item":"http:\/\/carrosscenter.com\/"},{"@type":"ListItem","position":2,"name":"Politique de confidentialit\u00e9"}]},{"@type":"WebSite","@id":"https:\/\/www.carrosscenter.com\/nl\/#website","url":"https:\/\/www.carrosscenter.com\/nl\/","name":"Carross'Centrum","description":"Alle diensten onder \u00e9\u00e9n dak","publisher":{"@id":"https:\/\/www.carrosscenter.com\/nl\/#organization"},"potentialAction":[{"@type":"SearchAction","target":{"@type":"EntryPoint","urlTemplate":"https:\/\/www.carrosscenter.com\/nl\/?s={search_term_string}"},"query-input":{"@type":"PropertyValueSpecification","valueRequired":true,"valueName":"search_term_string"}}],"inLanguage":"nl-BE"},{"@type":"Organization","@id":"https:\/\/www.carrosscenter.com\/nl\/#organization","name":"Carross'Centrum","url":"https:\/\/www.carrosscenter.com\/nl\/","logo":{"@type":"ImageObject","inLanguage":"nl-BE","@id":"https:\/\/www.carrosscenter.com\/nl\/#\/schema\/logo\/image\/","url":"http:\/\/carrosscenter.com\/wp-content\/uploads\/2022\/10\/LOGO-CC-WEB.png","contentUrl":"http:\/\/carrosscenter.com\/wp-content\/uploads\/2022\/10\/LOGO-CC-WEB.png","width":1867,"height":1167,"caption":"Carross'Center"},"image":{"@id":"https:\/\/www.carrosscenter.com\/nl\/#\/schema\/logo\/image\/"}}]}},"_links":{"self":[{"href":"https:\/\/carrosscenter.com\/nl\/wp-json\/wp\/v2\/pages\/19554","targetHints":{"allow":["GET"]}}],"collection":[{"href":"https:\/\/carrosscenter.com\/nl\/wp-json\/wp\/v2\/pages"}],"about":[{"href":"https:\/\/carrosscenter.com\/nl\/wp-json\/wp\/v2\/types\/page"}],"author":[{"embeddable":true,"href":"https:\/\/carrosscenter.com\/nl\/wp-json\/wp\/v2\/users\/2"}],"replies":[{"embeddable":true,"href":"https:\/\/carrosscenter.com\/nl\/wp-json\/wp\/v2\/comments?post=19554"}],"version-history":[{"count":7,"href":"https:\/\/carrosscenter.com\/nl\/wp-json\/wp\/v2\/pages\/19554\/revisions"}],"predecessor-version":[{"id":19562,"href":"https:\/\/carrosscenter.com\/nl\/wp-json\/wp\/v2\/pages\/19554\/revisions\/19562"}],"wp:attachment":[{"href":"https:\/\/carrosscenter.com\/nl\/wp-json\/wp\/v2\/media?parent=19554"}],"curies":[{"name":"wp","href":"https:\/\/api.w.org\/{rel}","templated":true}]}}